{"id":213,"date":"2021-06-21T19:03:51","date_gmt":"2021-06-21T19:03:51","guid":{"rendered":"https:\/\/globaltuning.cl\/?page_id=213"},"modified":"2024-02-16T17:57:55","modified_gmt":"2024-02-16T17:57:55","slug":"contacto","status":"publish","type":"page","link":"https:\/\/globaltuning.cl\/index.php\/contacto\/","title":{"rendered":"Contacto"},"content":{"rendered":"\t\t<div data-elementor-type=\"wp-page\" data-elementor-id=\"213\" class=\"elementor elementor-213\">\n\t\t\t\t\t\t<section class=\"elementor-section elementor-top-section elementor-element elementor-element-7d9a2478 elementor-section-content-middle elementor-reverse-mobile elementor-section-boxed elementor-section-height-default elementor-section-height-default\" data-id=\"7d9a2478\" data-element_type=\"section\">\n\t\t\t\t\t\t<div class=\"elementor-container elementor-column-gap-no\">\n\t\t\t\t\t<div class=\"elementor-column elementor-col-50 elementor-top-column elementor-element elementor-element-4a9b599c elementor-invisible\" data-id=\"4a9b599c\" data-element_type=\"column\" data-settings=\"{&quot;animation&quot;:&quot;fadeInLeft&quot;}\">\n\t\t\t<div class=\"elementor-widget-wrap elementor-element-populated\">\n\t\t\t\t\t\t<div class=\"elementor-element elementor-element-50d5054 elementor-widget elementor-widget-heading\" data-id=\"50d5054\" data-element_type=\"widget\" data-widget_type=\"heading.default\">\n\t\t\t\t<div class=\"elementor-widget-container\">\n\t\t\t<h4 class=\"elementor-heading-title elementor-size-default\">Formulario de contacto<\/h4>\t\t<\/div>\n\t\t\t\t<\/div>\n\t\t\t\t<div class=\"elementor-element elementor-element-2277ecd elementor-widget elementor-widget-shortcode\" data-id=\"2277ecd\" data-element_type=\"widget\" data-widget_type=\"shortcode.default\">\n\t\t\t\t<div class=\"elementor-widget-container\">\n\t\t\t\t\t<div class=\"elementor-shortcode\">\n<div class=\"wpcf7 no-js\" id=\"wpcf7-f61-o1\" lang=\"en-US\" dir=\"ltr\">\n<div class=\"screen-reader-response\"><p role=\"status\" aria-live=\"polite\" aria-atomic=\"true\"><\/p> <ul><\/ul><\/div>\n<form action=\"\/index.php\/wp-json\/wp\/v2\/pages\/213#wpcf7-f61-o1\" method=\"post\" class=\"wpcf7-form init\" aria-label=\"Contact form\" novalidate=\"novalidate\" data-status=\"init\">\n<div style=\"display: none;\">\n<input type=\"hidden\" name=\"_wpcf7\" value=\"61\" \/>\n<input type=\"hidden\" name=\"_wpcf7_version\" value=\"5.8.7\" \/>\n<input type=\"hidden\" name=\"_wpcf7_locale\" value=\"en_US\" \/>\n<input type=\"hidden\" name=\"_wpcf7_unit_tag\" value=\"wpcf7-f61-o1\" \/>\n<input type=\"hidden\" name=\"_wpcf7_container_post\" value=\"0\" \/>\n<input type=\"hidden\" name=\"_wpcf7_posted_data_hash\" value=\"\" \/>\n<\/div>\n<p><label> Nombre y Apellido:<br \/>\n<span class=\"wpcf7-form-control-wrap\" data-name=\"your-name\"><input size=\"40\" class=\"wpcf7-form-control wpcf7-text wpcf7-validates-as-required\" aria-required=\"true\" aria-invalid=\"false\" value=\"\" type=\"text\" name=\"your-name\" \/><\/span> <\/label>\n<\/p>\n<p><label> Email:<br \/>\n<span class=\"wpcf7-form-control-wrap\" data-name=\"your-email\"><input size=\"40\" class=\"wpcf7-form-control wpcf7-email wpcf7-validates-as-required wpcf7-text wpcf7-validates-as-email\" aria-required=\"true\" aria-invalid=\"false\" value=\"\" type=\"email\" name=\"your-email\" \/><\/span> <\/label>\n<\/p>\n<p><label> Tel\u00e9fono:<br \/>\n<span class=\"wpcf7-form-control-wrap\" data-name=\"tel-788\"><input size=\"40\" class=\"wpcf7-form-control wpcf7-tel wpcf7-text wpcf7-validates-as-tel\" aria-invalid=\"false\" value=\"\" type=\"tel\" name=\"tel-788\" \/><\/span> <\/label>\n<\/p>\n<p><label> Mensaje:<br \/>\n<span class=\"wpcf7-form-control-wrap\" data-name=\"your-message\"><textarea cols=\"40\" rows=\"10\" class=\"wpcf7-form-control wpcf7-textarea\" aria-invalid=\"false\" name=\"your-message\"><\/textarea><\/span> <\/label>\n<\/p>\n<p><input class=\"wpcf7-form-control wpcf7-submit has-spinner\" type=\"submit\" value=\"Enviar\" \/>\n<\/p><div class=\"wpcf7-response-output\" aria-hidden=\"true\"><\/div>\n<\/form>\n<\/div>\n<\/div>\n\t\t\t\t<\/div>\n\t\t\t\t<\/div>\n\t\t\t\t\t<\/div>\n\t\t<\/div>\n\t\t\t\t<div class=\"elementor-column elementor-col-50 elementor-top-column elementor-element elementor-element-4a668352 elementor-invisible\" data-id=\"4a668352\" data-element_type=\"column\" data-settings=\"{&quot;animation&quot;:&quot;fadeInRight&quot;}\">\n\t\t\t<div class=\"elementor-widget-wrap elementor-element-populated\">\n\t\t\t\t\t\t<div class=\"elementor-element elementor-element-393a438c elementor-widget elementor-widget-heading\" data-id=\"393a438c\" data-element_type=\"widget\" data-widget_type=\"heading.default\">\n\t\t\t\t<div class=\"elementor-widget-container\">\n\t\t\t<h4 class=\"elementor-heading-title elementor-size-default\">\u00a1Cont\u00e1ctanos!<\/h4>\t\t<\/div>\n\t\t\t\t<\/div>\n\t\t\t\t<section class=\"elementor-section elementor-inner-section elementor-element elementor-element-74344767 elementor-section-boxed elementor-section-height-default elementor-section-height-default\" data-id=\"74344767\" data-element_type=\"section\">\n\t\t\t\t\t\t<div class=\"elementor-container elementor-column-gap-default\">\n\t\t\t\t\t<div class=\"elementor-column elementor-col-50 elementor-inner-column elementor-element elementor-element-6b8e8294\" data-id=\"6b8e8294\" data-element_type=\"column\">\n\t\t\t<div class=\"elementor-widget-wrap elementor-element-populated\">\n\t\t\t\t\t\t<div class=\"elementor-element elementor-element-42827563 elementor-widget elementor-widget-heading\" data-id=\"42827563\" data-element_type=\"widget\" data-widget_type=\"heading.default\">\n\t\t\t\t<div class=\"elementor-widget-container\">\n\t\t\t<div class=\"elementor-heading-title elementor-size-default\">Direcci\u00f3n<\/div>\t\t<\/div>\n\t\t\t\t<\/div>\n\t\t\t\t<div class=\"elementor-element elementor-element-1d1c3dd8 elementor-widget elementor-widget-text-editor\" data-id=\"1d1c3dd8\" data-element_type=\"widget\" data-widget_type=\"text-editor.default\">\n\t\t\t\t<div class=\"elementor-widget-container\">\n\t\t\t\t\t\t\t<p>Cerro El Plomo 5931, Oficina 510. Las Condes\u00a0<\/p>\t\t\t\t\t\t<\/div>\n\t\t\t\t<\/div>\n\t\t\t\t\t<\/div>\n\t\t<\/div>\n\t\t\t\t<div class=\"elementor-column elementor-col-50 elementor-inner-column elementor-element elementor-element-20b829f7\" data-id=\"20b829f7\" data-element_type=\"column\">\n\t\t\t<div class=\"elementor-widget-wrap elementor-element-populated\">\n\t\t\t\t\t\t<div class=\"elementor-element elementor-element-231149f5 elementor-widget elementor-widget-heading\" data-id=\"231149f5\" data-element_type=\"widget\" data-widget_type=\"heading.default\">\n\t\t\t\t<div class=\"elementor-widget-container\">\n\t\t\t<div class=\"elementor-heading-title elementor-size-default\">Tel\u00e9fonos<\/div>\t\t<\/div>\n\t\t\t\t<\/div>\n\t\t\t\t<div class=\"elementor-element elementor-element-eab5a67 elementor-widget elementor-widget-text-editor\" data-id=\"eab5a67\" data-element_type=\"widget\" data-widget_type=\"text-editor.default\">\n\t\t\t\t<div class=\"elementor-widget-container\">\n\t\t\t\t\t\t\t<p>(+56) 2 28146505 \u00a0<\/p><p>(+56) 9 6844 8502<\/p>\t\t\t\t\t\t<\/div>\n\t\t\t\t<\/div>\n\t\t\t\t\t<\/div>\n\t\t<\/div>\n\t\t\t\t\t<\/div>\n\t\t<\/section>\n\t\t\t\t<section class=\"elementor-section elementor-inner-section elementor-element elementor-element-2ef2050 elementor-section-boxed elementor-section-height-default elementor-section-height-default\" data-id=\"2ef2050\" data-element_type=\"section\">\n\t\t\t\t\t\t<div class=\"elementor-container elementor-column-gap-default\">\n\t\t\t\t\t<div class=\"elementor-column elementor-col-50 elementor-inner-column elementor-element elementor-element-75c05570\" data-id=\"75c05570\" data-element_type=\"column\">\n\t\t\t<div class=\"elementor-widget-wrap elementor-element-populated\">\n\t\t\t\t\t\t<div class=\"elementor-element elementor-element-4b3c84fd elementor-widget elementor-widget-heading\" data-id=\"4b3c84fd\" data-element_type=\"widget\" data-widget_type=\"heading.default\">\n\t\t\t\t<div class=\"elementor-widget-container\">\n\t\t\t<div class=\"elementor-heading-title elementor-size-default\">Horario<\/div>\t\t<\/div>\n\t\t\t\t<\/div>\n\t\t\t\t<div class=\"elementor-element elementor-element-06b334f elementor-widget elementor-widget-text-editor\" data-id=\"06b334f\" data-element_type=\"widget\" data-widget_type=\"text-editor.default\">\n\t\t\t\t<div class=\"elementor-widget-container\">\n\t\t\t\t\t\t\t<p>Lunes a Viernes<\/p><p>09:00 a 18:00 hrs<\/p>\t\t\t\t\t\t<\/div>\n\t\t\t\t<\/div>\n\t\t\t\t\t<\/div>\n\t\t<\/div>\n\t\t\t\t<div class=\"elementor-column elementor-col-50 elementor-inner-column elementor-element elementor-element-cf6c93e\" data-id=\"cf6c93e\" data-element_type=\"column\">\n\t\t\t<div class=\"elementor-widget-wrap elementor-element-populated\">\n\t\t\t\t\t\t<div class=\"elementor-element elementor-element-149c7397 elementor-widget elementor-widget-heading\" data-id=\"149c7397\" data-element_type=\"widget\" data-widget_type=\"heading.default\">\n\t\t\t\t<div class=\"elementor-widget-container\">\n\t\t\t<div class=\"elementor-heading-title elementor-size-default\">Email<\/div>\t\t<\/div>\n\t\t\t\t<\/div>\n\t\t\t\t<div class=\"elementor-element elementor-element-1ed41e2 elementor-widget elementor-widget-text-editor\" data-id=\"1ed41e2\" data-element_type=\"widget\" data-widget_type=\"text-editor.default\">\n\t\t\t\t<div class=\"elementor-widget-container\">\n\t\t\t\t\t\t\t<p>Contacto@globaltuning.cl<\/p>\t\t\t\t\t\t<\/div>\n\t\t\t\t<\/div>\n\t\t\t\t\t<\/div>\n\t\t<\/div>\n\t\t\t\t\t<\/div>\n\t\t<\/section>\n\t\t\t\t<section class=\"elementor-section elementor-inner-section elementor-element elementor-element-622d0e7 elementor-section-boxed elementor-section-height-default elementor-section-height-default\" data-id=\"622d0e7\" data-element_type=\"section\">\n\t\t\t\t\t\t<div class=\"elementor-container elementor-column-gap-default\">\n\t\t\t\t\t<div class=\"elementor-column elementor-col-100 elementor-inner-column elementor-element elementor-element-9f52289\" data-id=\"9f52289\" data-element_type=\"column\">\n\t\t\t<div class=\"elementor-widget-wrap elementor-element-populated\">\n\t\t\t\t\t\t<div class=\"elementor-element elementor-element-629b975 elementor-widget elementor-widget-google_maps\" data-id=\"629b975\" data-element_type=\"widget\" data-widget_type=\"google_maps.default\">\n\t\t\t\t<div class=\"elementor-widget-container\">\n\t\t\t\t\t<div class=\"elementor-custom-embed\">\n\t\t\t<iframe loading=\"lazy\"\n\t\t\t\t\tsrc=\"https:\/\/maps.google.com\/maps?q=Cerro%20El%20Plomo%205931%2C%20Las%20Condes%2C%20Regi%C3%B3n%20Metropolitana&#038;t=m&#038;z=10&#038;output=embed&#038;iwloc=near\"\n\t\t\t\t\ttitle=\"Cerro El Plomo 5931, Las Condes, Regi\u00f3n Metropolitana\"\n\t\t\t\t\taria-label=\"Cerro El Plomo 5931, Las Condes, Regi\u00f3n Metropolitana\"\n\t\t\t><\/iframe>\n\t\t<\/div>\n\t\t\t\t<\/div>\n\t\t\t\t<\/div>\n\t\t\t\t\t<\/div>\n\t\t<\/div>\n\t\t\t\t\t<\/div>\n\t\t<\/section>\n\t\t\t\t\t<\/div>\n\t\t<\/div>\n\t\t\t\t\t<\/div>\n\t\t<\/section>\n\t\t\t\t<\/div>\n\t\t","protected":false},"excerpt":{"rendered":"<p>Formulario de contacto \u00a1Cont\u00e1ctanos! Direcci\u00f3n Cerro El Plomo 5931, Oficina 510. Las Condes&nbsp; Tel\u00e9fonos (+56) 2 28146505 &nbsp; (+56) 9 6844 8502 Horario Lunes a Viernes 09:00 a 18:00 hrs Email Contacto@globaltuning.cl<\/p>\n","protected":false},"author":1,"featured_media":0,"parent":0,"menu_order":0,"comment_status":"closed","ping_status":"closed","template":"","meta":{"site-sidebar-layout":"no-sidebar","site-content-layout":"page-builder","ast-global-header-display":"","ast-banner-title-visibility":"","ast-main-header-display":"","ast-hfb-above-header-display":"","ast-hfb-below-header-display":"","ast-hfb-mobile-header-display":"","site-post-title":"disabled","ast-breadcrumbs-content":"","ast-featured-img":"disabled","footer-sml-layout":"disabled","theme-transparent-header-meta":"default","adv-header-id-meta":"","stick-header-meta":"","header-above-stick-meta":"","header-main-stick-meta":"","header-below-stick-meta":"","footnotes":""},"yoast_head":"<!-- This site is optimized with the Yoast SEO plugin v22.0 - https:\/\/yoast.com\/wordpress\/plugins\/seo\/ -->\n<title>Contacto - GLOBAL TUNING<\/title>\n<meta name=\"description\" content=\"Direcci\u00f3n: Cerro El Plomo 5931, Oficina 510. Las Condes | Tel\u00e9fonos(+56) 2 28146505 (+56) 9 6844 8502 | Lunes a Viernes09:00 a 18:00 hrs\" \/>\n<meta name=\"robots\" content=\"index, follow, max-snippet:-1, max-image-preview:large, max-video-preview:-1\" \/>\n<link rel=\"canonical\" href=\"https:\/\/globaltuning.cl\/index.php\/contacto\/\" \/>\n<meta property=\"og:locale\" content=\"es_ES\" \/>\n<meta property=\"og:type\" content=\"article\" \/>\n<meta property=\"og:title\" content=\"Contacto - GLOBAL TUNING\" \/>\n<meta property=\"og:description\" content=\"Direcci\u00f3n: Cerro El Plomo 5931, Oficina 510. Las Condes | Tel\u00e9fonos(+56) 2 28146505 (+56) 9 6844 8502 | Lunes a Viernes09:00 a 18:00 hrs\" \/>\n<meta property=\"og:url\" content=\"https:\/\/globaltuning.cl\/index.php\/contacto\/\" \/>\n<meta property=\"og:site_name\" content=\"GLOBAL TUNING\" \/>\n<meta property=\"article:modified_time\" content=\"2024-02-16T17:57:55+00:00\" \/>\n<meta name=\"twitter:card\" content=\"summary_large_image\" \/>\n<meta name=\"twitter:label1\" content=\"Est. reading time\" \/>\n\t<meta name=\"twitter:data1\" content=\"1 minuto\" \/>\n<script type=\"application\/ld+json\" class=\"yoast-schema-graph\">{\"@context\":\"https:\/\/schema.org\",\"@graph\":[{\"@type\":\"WebPage\",\"@id\":\"https:\/\/globaltuning.cl\/index.php\/contacto\/\",\"url\":\"https:\/\/globaltuning.cl\/index.php\/contacto\/\",\"name\":\"Contacto - GLOBAL TUNING\",\"isPartOf\":{\"@id\":\"https:\/\/globaltuning.cl\/#website\"},\"datePublished\":\"2021-06-21T19:03:51+00:00\",\"dateModified\":\"2024-02-16T17:57:55+00:00\",\"description\":\"Direcci\u00f3n: Cerro El Plomo 5931, Oficina 510. Las Condes | Tel\u00e9fonos(+56) 2 28146505 (+56) 9 6844 8502 | Lunes a Viernes09:00 a 18:00 hrs\",\"breadcrumb\":{\"@id\":\"https:\/\/globaltuning.cl\/index.php\/contacto\/#breadcrumb\"},\"inLanguage\":\"es-CL\",\"potentialAction\":[{\"@type\":\"ReadAction\",\"target\":[\"https:\/\/globaltuning.cl\/index.php\/contacto\/\"]}]},{\"@type\":\"BreadcrumbList\",\"@id\":\"https:\/\/globaltuning.cl\/index.php\/contacto\/#breadcrumb\",\"itemListElement\":[{\"@type\":\"ListItem\",\"position\":1,\"name\":\"Portada\",\"item\":\"https:\/\/globaltuning.cl\/\"},{\"@type\":\"ListItem\",\"position\":2,\"name\":\"Contacto\"}]},{\"@type\":\"WebSite\",\"@id\":\"https:\/\/globaltuning.cl\/#website\",\"url\":\"https:\/\/globaltuning.cl\/\",\"name\":\"GLOBAL TUNING\",\"description\":\"Consultoria y Tecnolog\u00eda\",\"publisher\":{\"@id\":\"https:\/\/globaltuning.cl\/#organization\"},\"potentialAction\":[{\"@type\":\"SearchAction\",\"target\":{\"@type\":\"EntryPoint\",\"urlTemplate\":\"https:\/\/globaltuning.cl\/?s={search_term_string}\"},\"query-input\":\"required name=search_term_string\"}],\"inLanguage\":\"es-CL\"},{\"@type\":\"Organization\",\"@id\":\"https:\/\/globaltuning.cl\/#organization\",\"name\":\"GLOBAL TUNING\",\"url\":\"https:\/\/globaltuning.cl\/\",\"logo\":{\"@type\":\"ImageObject\",\"inLanguage\":\"es-CL\",\"@id\":\"https:\/\/globaltuning.cl\/#\/schema\/logo\/image\/\",\"url\":\"https:\/\/globaltuning.cl\/wp-content\/uploads\/2021\/06\/cropped-logo-h-color-fondo-transparente-e1624472873739.png\",\"contentUrl\":\"https:\/\/globaltuning.cl\/wp-content\/uploads\/2021\/06\/cropped-logo-h-color-fondo-transparente-e1624472873739.png\",\"width\":1170,\"height\":328,\"caption\":\"GLOBAL TUNING\"},\"image\":{\"@id\":\"https:\/\/globaltuning.cl\/#\/schema\/logo\/image\/\"}}]}<\/script>\n<!-- \/ Yoast SEO plugin. -->","yoast_head_json":{"title":"Contacto - GLOBAL TUNING","description":"Direcci\u00f3n: Cerro El Plomo 5931, Oficina 510. Las Condes | Tel\u00e9fonos(+56) 2 28146505 (+56) 9 6844 8502 | Lunes a Viernes09:00 a 18:00 hrs","robots":{"index":"index","follow":"follow","max-snippet":"max-snippet:-1","max-image-preview":"max-image-preview:large","max-video-preview":"max-video-preview:-1"},"canonical":"https:\/\/globaltuning.cl\/index.php\/contacto\/","og_locale":"es_ES","og_type":"article","og_title":"Contacto - GLOBAL TUNING","og_description":"Direcci\u00f3n: Cerro El Plomo 5931, Oficina 510. Las Condes | Tel\u00e9fonos(+56) 2 28146505 (+56) 9 6844 8502 | Lunes a Viernes09:00 a 18:00 hrs","og_url":"https:\/\/globaltuning.cl\/index.php\/contacto\/","og_site_name":"GLOBAL TUNING","article_modified_time":"2024-02-16T17:57:55+00:00","twitter_card":"summary_large_image","twitter_misc":{"Est. reading time":"1 minuto"},"schema":{"@context":"https:\/\/schema.org","@graph":[{"@type":"WebPage","@id":"https:\/\/globaltuning.cl\/index.php\/contacto\/","url":"https:\/\/globaltuning.cl\/index.php\/contacto\/","name":"Contacto - GLOBAL TUNING","isPartOf":{"@id":"https:\/\/globaltuning.cl\/#website"},"datePublished":"2021-06-21T19:03:51+00:00","dateModified":"2024-02-16T17:57:55+00:00","description":"Direcci\u00f3n: Cerro El Plomo 5931, Oficina 510. Las Condes | Tel\u00e9fonos(+56) 2 28146505 (+56) 9 6844 8502 | Lunes a Viernes09:00 a 18:00 hrs","breadcrumb":{"@id":"https:\/\/globaltuning.cl\/index.php\/contacto\/#breadcrumb"},"inLanguage":"es-CL","potentialAction":[{"@type":"ReadAction","target":["https:\/\/globaltuning.cl\/index.php\/contacto\/"]}]},{"@type":"BreadcrumbList","@id":"https:\/\/globaltuning.cl\/index.php\/contacto\/#breadcrumb","itemListElement":[{"@type":"ListItem","position":1,"name":"Portada","item":"https:\/\/globaltuning.cl\/"},{"@type":"ListItem","position":2,"name":"Contacto"}]},{"@type":"WebSite","@id":"https:\/\/globaltuning.cl\/#website","url":"https:\/\/globaltuning.cl\/","name":"GLOBAL TUNING","description":"Consultoria y Tecnolog\u00eda","publisher":{"@id":"https:\/\/globaltuning.cl\/#organization"},"potentialAction":[{"@type":"SearchAction","target":{"@type":"EntryPoint","urlTemplate":"https:\/\/globaltuning.cl\/?s={search_term_string}"},"query-input":"required name=search_term_string"}],"inLanguage":"es-CL"},{"@type":"Organization","@id":"https:\/\/globaltuning.cl\/#organization","name":"GLOBAL TUNING","url":"https:\/\/globaltuning.cl\/","logo":{"@type":"ImageObject","inLanguage":"es-CL","@id":"https:\/\/globaltuning.cl\/#\/schema\/logo\/image\/","url":"https:\/\/globaltuning.cl\/wp-content\/uploads\/2021\/06\/cropped-logo-h-color-fondo-transparente-e1624472873739.png","contentUrl":"https:\/\/globaltuning.cl\/wp-content\/uploads\/2021\/06\/cropped-logo-h-color-fondo-transparente-e1624472873739.png","width":1170,"height":328,"caption":"GLOBAL TUNING"},"image":{"@id":"https:\/\/globaltuning.cl\/#\/schema\/logo\/image\/"}}]}},"_links":{"self":[{"href":"https:\/\/globaltuning.cl\/index.php\/wp-json\/wp\/v2\/pages\/213"}],"collection":[{"href":"https:\/\/globaltuning.cl\/index.php\/wp-json\/wp\/v2\/pages"}],"about":[{"href":"https:\/\/globaltuning.cl\/index.php\/wp-json\/wp\/v2\/types\/page"}],"author":[{"embeddable":true,"href":"https:\/\/globaltuning.cl\/index.php\/wp-json\/wp\/v2\/users\/1"}],"replies":[{"embeddable":true,"href":"https:\/\/globaltuning.cl\/index.php\/wp-json\/wp\/v2\/comments?post=213"}],"version-history":[{"count":78,"href":"https:\/\/globaltuning.cl\/index.php\/wp-json\/wp\/v2\/pages\/213\/revisions"}],"predecessor-version":[{"id":1232,"href":"https:\/\/globaltuning.cl\/index.php\/wp-json\/wp\/v2\/pages\/213\/revisions\/1232"}],"wp:attachment":[{"href":"https:\/\/globaltuning.cl\/index.php\/wp-json\/wp\/v2\/media?parent=213"}],"curies":[{"name":"wp","href":"https:\/\/api.w.org\/{rel}","templated":true}]}}