{"id":208,"date":"2021-06-21T19:02:49","date_gmt":"2021-06-21T19:02:49","guid":{"rendered":"https:\/\/globaltuning.cl\/?page_id=208"},"modified":"2024-02-16T18:47:33","modified_gmt":"2024-02-16T18:47:33","slug":"servicios","status":"publish","type":"page","link":"https:\/\/globaltuning.cl\/index.php\/servicios\/","title":{"rendered":"Servicios"},"content":{"rendered":"\t\t<div data-elementor-type=\"wp-page\" data-elementor-id=\"208\" class=\"elementor elementor-208\">\n\t\t\t\t\t\t<section class=\"elementor-section elementor-top-section elementor-element elementor-element-711ff3b0 elementor-section-content-middle elementor-section-boxed elementor-section-height-default elementor-section-height-default\" data-id=\"711ff3b0\" data-element_type=\"section\">\n\t\t\t\t\t\t<div class=\"elementor-container elementor-column-gap-no\">\n\t\t\t\t\t<div class=\"elementor-column elementor-col-100 elementor-top-column elementor-element elementor-element-1ff49b51\" data-id=\"1ff49b51\" data-element_type=\"column\">\n\t\t\t<div class=\"elementor-widget-wrap elementor-element-populated\">\n\t\t\t\t\t\t<div class=\"elementor-element elementor-element-7c2b5ed9 elementor-widget elementor-widget-heading\" data-id=\"7c2b5ed9\" data-element_type=\"widget\" data-widget_type=\"heading.default\">\n\t\t\t\t<div class=\"elementor-widget-container\">\n\t\t\t<h4 class=\"elementor-heading-title elementor-size-default\">Servicios<\/h4>\t\t<\/div>\n\t\t\t\t<\/div>\n\t\t\t\t<section class=\"elementor-section elementor-inner-section elementor-element elementor-element-7008fcb6 elementor-section-content-middle elementor-section-boxed elementor-section-height-default elementor-section-height-default\" data-id=\"7008fcb6\" data-element_type=\"section\">\n\t\t\t\t\t\t<div class=\"elementor-container elementor-column-gap-no\">\n\t\t\t\t\t<div class=\"elementor-column elementor-col-50 elementor-inner-column elementor-element elementor-element-2485fb5f\" data-id=\"2485fb5f\" data-element_type=\"column\">\n\t\t\t<div class=\"elementor-widget-wrap elementor-element-populated\">\n\t\t\t\t\t\t<div class=\"elementor-element elementor-element-1dcd86e4 elementor-widget elementor-widget-image\" data-id=\"1dcd86e4\" data-element_type=\"widget\" data-settings=\"{&quot;_animation&quot;:&quot;none&quot;}\" data-widget_type=\"image.default\">\n\t\t\t\t<div class=\"elementor-widget-container\">\n\t\t\t\t\t\t\t\t\t\t\t\t\t<img fetchpriority=\"high\" decoding=\"async\" width=\"801\" height=\"601\" src=\"https:\/\/globaltuning.cl\/wp-content\/uploads\/2021\/06\/Global-Tunning-CONSULTORIA.png\" class=\"attachment-large size-large wp-image-389\" alt=\"\" srcset=\"https:\/\/globaltuning.cl\/wp-content\/uploads\/2021\/06\/Global-Tunning-CONSULTORIA.png 801w, https:\/\/globaltuning.cl\/wp-content\/uploads\/2021\/06\/Global-Tunning-CONSULTORIA-300x225.png 300w, https:\/\/globaltuning.cl\/wp-content\/uploads\/2021\/06\/Global-Tunning-CONSULTORIA-768x576.png 768w\" sizes=\"(max-width: 801px) 100vw, 801px\" \/>\t\t\t\t\t\t\t\t\t\t\t\t\t<\/div>\n\t\t\t\t<\/div>\n\t\t\t\t<div class=\"elementor-element elementor-element-a30d06b elementor-widget elementor-widget-heading\" data-id=\"a30d06b\" data-element_type=\"widget\" data-widget_type=\"heading.default\">\n\t\t\t\t<div class=\"elementor-widget-container\">\n\t\t\t<h2 class=\"elementor-heading-title elementor-size-default\">Consultor\u00eda\n<\/h2>\t\t<\/div>\n\t\t\t\t<\/div>\n\t\t\t\t<div class=\"elementor-element elementor-element-a51d9f8 elementor-widget-divider--view-line elementor-widget elementor-widget-divider\" data-id=\"a51d9f8\" data-element_type=\"widget\" data-widget_type=\"divider.default\">\n\t\t\t\t<div class=\"elementor-widget-container\">\n\t\t\t\t\t<div class=\"elementor-divider\">\n\t\t\t<span class=\"elementor-divider-separator\">\n\t\t\t\t\t\t<\/span>\n\t\t<\/div>\n\t\t\t\t<\/div>\n\t\t\t\t<\/div>\n\t\t\t\t<div class=\"elementor-element elementor-element-2b77ca86 elementor-widget elementor-widget-text-editor\" data-id=\"2b77ca86\" data-element_type=\"widget\" data-widget_type=\"text-editor.default\">\n\t\t\t\t<div class=\"elementor-widget-container\">\n\t\t\t\t\t\t\t<p class=\"MsoNormal\" align=\"justify\"><span lang=\"ES-CL\">Nuestra consultor\u00eda TI se enfoca en apoyar a nuestros clientes en el uso de tecnolog\u00edas de la informaci\u00f3n, para lograr sus objetivos estrat\u00e9gicos, mejorando la competitividad, reduciendo costos y disminuyendo tiempos de respuesta. Brindamos consultor\u00eda para producto o servicio tanto inhouse como en la nube. As\u00ed nuestro equipo puede hacer que las transiciones a nuevas tecnolog\u00edas; sean accesible y efectivas. De esta manera, nuestros clientes se liberen de la administraci\u00f3n de sus proyectos y aceptan el desaf\u00edo de nuestro apoyo, mejorando la visi\u00f3n y proyecci\u00f3n de sus negocios.<\/span><\/p>\t\t\t\t\t\t<\/div>\n\t\t\t\t<\/div>\n\t\t\t\t<div class=\"elementor-element elementor-element-02ec0c2 elementor-align-center elementor-invisible elementor-widget elementor-widget-button\" data-id=\"02ec0c2\" data-element_type=\"widget\" data-settings=\"{&quot;_animation&quot;:&quot;bounceIn&quot;}\" data-widget_type=\"button.default\">\n\t\t\t\t<div class=\"elementor-widget-container\">\n\t\t\t\t\t<div class=\"elementor-button-wrapper\">\n\t\t\t<a class=\"elementor-button elementor-button-link elementor-size-sm\" href=\"https:\/\/api.whatsapp.com\/send?phone=56968448502&#038;text=Me%20interesa%20saber%20m%C3%A1s%20sobre%20el%20servicio%20de%20consultor%C3%ADa\">\n\t\t\t\t\t\t<span class=\"elementor-button-content-wrapper\">\n\t\t\t\t\t\t<span class=\"elementor-button-text\">Me interesa<\/span>\n\t\t<\/span>\n\t\t\t\t\t<\/a>\n\t\t<\/div>\n\t\t\t\t<\/div>\n\t\t\t\t<\/div>\n\t\t\t\t\t<\/div>\n\t\t<\/div>\n\t\t\t\t<div class=\"elementor-column elementor-col-50 elementor-inner-column elementor-element elementor-element-1b1647a8\" data-id=\"1b1647a8\" data-element_type=\"column\">\n\t\t\t<div class=\"elementor-widget-wrap elementor-element-populated\">\n\t\t\t\t\t\t<div class=\"elementor-element elementor-element-12ce60b1 elementor-widget elementor-widget-image\" data-id=\"12ce60b1\" data-element_type=\"widget\" data-settings=\"{&quot;_animation&quot;:&quot;none&quot;}\" data-widget_type=\"image.default\">\n\t\t\t\t<div class=\"elementor-widget-container\">\n\t\t\t\t\t\t\t\t\t\t\t\t\t<img decoding=\"async\" width=\"801\" height=\"601\" src=\"https:\/\/globaltuning.cl\/wp-content\/uploads\/2021\/06\/Global-Tunning-RIESGO-Y-SEGURIDAD.png\" class=\"attachment-large size-large wp-image-388\" alt=\"\" srcset=\"https:\/\/globaltuning.cl\/wp-content\/uploads\/2021\/06\/Global-Tunning-RIESGO-Y-SEGURIDAD.png 801w, https:\/\/globaltuning.cl\/wp-content\/uploads\/2021\/06\/Global-Tunning-RIESGO-Y-SEGURIDAD-300x225.png 300w, https:\/\/globaltuning.cl\/wp-content\/uploads\/2021\/06\/Global-Tunning-RIESGO-Y-SEGURIDAD-768x576.png 768w\" sizes=\"(max-width: 801px) 100vw, 801px\" \/>\t\t\t\t\t\t\t\t\t\t\t\t\t<\/div>\n\t\t\t\t<\/div>\n\t\t\t\t<div class=\"elementor-element elementor-element-4fb7c9b7 elementor-widget elementor-widget-heading\" data-id=\"4fb7c9b7\" data-element_type=\"widget\" data-widget_type=\"heading.default\">\n\t\t\t\t<div class=\"elementor-widget-container\">\n\t\t\t<h2 class=\"elementor-heading-title elementor-size-default\">Riesgo y Seguridad<\/h2>\t\t<\/div>\n\t\t\t\t<\/div>\n\t\t\t\t<div class=\"elementor-element elementor-element-5bb9e07b elementor-widget-divider--view-line elementor-widget elementor-widget-divider\" data-id=\"5bb9e07b\" data-element_type=\"widget\" data-widget_type=\"divider.default\">\n\t\t\t\t<div class=\"elementor-widget-container\">\n\t\t\t\t\t<div class=\"elementor-divider\">\n\t\t\t<span class=\"elementor-divider-separator\">\n\t\t\t\t\t\t<\/span>\n\t\t<\/div>\n\t\t\t\t<\/div>\n\t\t\t\t<\/div>\n\t\t\t\t<div class=\"elementor-element elementor-element-e6b072e elementor-widget elementor-widget-text-editor\" data-id=\"e6b072e\" data-element_type=\"widget\" data-widget_type=\"text-editor.default\">\n\t\t\t\t<div class=\"elementor-widget-container\">\n\t\t\t\t\t\t\t<p class=\"MsoNormal\" align=\"justify\"><span lang=\"ES-CL\">Evaluamos los riesgos normativos, operacionales, tecnol\u00f3gicos y de ciberseguridad, haci\u00e9ndolos visible a nuestros clientes, adoptando y guiando la implementaci\u00f3n de planes de mejoras asociados. En relaci\u00f3n a la seguridad, identificamos, evaluamos controles y gesti\u00f3n de ciberseguridad, en t\u00e9rminos de cumplimiento y testeos de vulnerabilidades en su empresa.<\/span><\/p>\t\t\t\t\t\t<\/div>\n\t\t\t\t<\/div>\n\t\t\t\t<div class=\"elementor-element elementor-element-e4c33a1 elementor-align-center elementor-invisible elementor-widget elementor-widget-button\" data-id=\"e4c33a1\" data-element_type=\"widget\" data-settings=\"{&quot;_animation&quot;:&quot;bounceIn&quot;}\" data-widget_type=\"button.default\">\n\t\t\t\t<div class=\"elementor-widget-container\">\n\t\t\t\t\t<div class=\"elementor-button-wrapper\">\n\t\t\t<a class=\"elementor-button elementor-button-link elementor-size-sm\" href=\"https:\/\/api.whatsapp.com\/send?phone=56968448502&#038;text=Me%20interesa%20saber%20m%C3%A1s%20sobre%20el%20servicio%20de%20riesgo%20y%20seguridad\">\n\t\t\t\t\t\t<span class=\"elementor-button-content-wrapper\">\n\t\t\t\t\t\t<span class=\"elementor-button-text\">Me interesa<\/span>\n\t\t<\/span>\n\t\t\t\t\t<\/a>\n\t\t<\/div>\n\t\t\t\t<\/div>\n\t\t\t\t<\/div>\n\t\t\t\t\t<\/div>\n\t\t<\/div>\n\t\t\t\t\t<\/div>\n\t\t<\/section>\n\t\t\t\t<section class=\"elementor-section elementor-inner-section elementor-element elementor-element-7743e42 elementor-section-content-middle elementor-section-boxed elementor-section-height-default elementor-section-height-default\" data-id=\"7743e42\" data-element_type=\"section\">\n\t\t\t\t\t\t<div class=\"elementor-container elementor-column-gap-no\">\n\t\t\t\t\t<div class=\"elementor-column elementor-col-50 elementor-inner-column elementor-element elementor-element-3cedeee\" data-id=\"3cedeee\" data-element_type=\"column\">\n\t\t\t<div class=\"elementor-widget-wrap elementor-element-populated\">\n\t\t\t\t\t\t<div class=\"elementor-element elementor-element-43ccb00 elementor-widget elementor-widget-image\" data-id=\"43ccb00\" data-element_type=\"widget\" data-settings=\"{&quot;_animation&quot;:&quot;none&quot;}\" data-widget_type=\"image.default\">\n\t\t\t\t<div class=\"elementor-widget-container\">\n\t\t\t\t\t\t\t\t\t\t\t\t\t<img decoding=\"async\" width=\"801\" height=\"601\" src=\"https:\/\/globaltuning.cl\/wp-content\/uploads\/2021\/06\/Global-Tunning-SERVICIOS-TRANSITORIOS.png\" class=\"attachment-large size-large wp-image-387\" alt=\"\" srcset=\"https:\/\/globaltuning.cl\/wp-content\/uploads\/2021\/06\/Global-Tunning-SERVICIOS-TRANSITORIOS.png 801w, https:\/\/globaltuning.cl\/wp-content\/uploads\/2021\/06\/Global-Tunning-SERVICIOS-TRANSITORIOS-300x225.png 300w, https:\/\/globaltuning.cl\/wp-content\/uploads\/2021\/06\/Global-Tunning-SERVICIOS-TRANSITORIOS-768x576.png 768w\" sizes=\"(max-width: 801px) 100vw, 801px\" \/>\t\t\t\t\t\t\t\t\t\t\t\t\t<\/div>\n\t\t\t\t<\/div>\n\t\t\t\t<div class=\"elementor-element elementor-element-172c7b2d elementor-widget elementor-widget-heading\" data-id=\"172c7b2d\" data-element_type=\"widget\" data-widget_type=\"heading.default\">\n\t\t\t\t<div class=\"elementor-widget-container\">\n\t\t\t<h2 class=\"elementor-heading-title elementor-size-default\">Servicios Transitorios<\/h2>\t\t<\/div>\n\t\t\t\t<\/div>\n\t\t\t\t<div class=\"elementor-element elementor-element-8a73ec8 elementor-widget-divider--view-line elementor-widget elementor-widget-divider\" data-id=\"8a73ec8\" data-element_type=\"widget\" data-widget_type=\"divider.default\">\n\t\t\t\t<div class=\"elementor-widget-container\">\n\t\t\t\t\t<div class=\"elementor-divider\">\n\t\t\t<span class=\"elementor-divider-separator\">\n\t\t\t\t\t\t<\/span>\n\t\t<\/div>\n\t\t\t\t<\/div>\n\t\t\t\t<\/div>\n\t\t\t\t<div class=\"elementor-element elementor-element-a798998 elementor-widget elementor-widget-text-editor\" data-id=\"a798998\" data-element_type=\"widget\" data-widget_type=\"text-editor.default\">\n\t\t\t\t<div class=\"elementor-widget-container\">\n\t\t\t\t\t\t\t<p class=\"MsoNormal\" align=\"justify\"><span lang=\"ES-CL\">Excelencia y rapidez en selecci\u00f3n de profesionales, para apoyar a nuestros clientes con diferentes soluciones de capital humano. <\/span><span lang=\"ES-CL\">Contamos con servicios de outsourcing de personal, ya sea en modalidad de subcontrataci\u00f3n o servicios transitorios, entregamos el perfil espec\u00edfico para cada requerimiento, con seguimiento peri\u00f3dico de productividad, con garant\u00edas y orientaci\u00f3n de coaching; en apoyo para la integraci\u00f3n del equipo y disminuir al m\u00ednimo la rotaci\u00f3n. <\/span><span lang=\"ES-CL\">Contamos con un moderno servicio y equipo de reclutadores especializados en TI, adapt\u00e1ndonos a los requerimientos con agilidad en la respuesta y cumpliendo el objetivo de encontrar al profesional calificado para cumplir los con desaf\u00edos requeridos.<\/span><\/p>\t\t\t\t\t\t<\/div>\n\t\t\t\t<\/div>\n\t\t\t\t<div class=\"elementor-element elementor-element-0bfac1c elementor-align-center elementor-invisible elementor-widget elementor-widget-button\" data-id=\"0bfac1c\" data-element_type=\"widget\" data-settings=\"{&quot;_animation&quot;:&quot;bounceIn&quot;}\" data-widget_type=\"button.default\">\n\t\t\t\t<div class=\"elementor-widget-container\">\n\t\t\t\t\t<div class=\"elementor-button-wrapper\">\n\t\t\t<a class=\"elementor-button elementor-button-link elementor-size-sm\" href=\"https:\/\/api.whatsapp.com\/send?phone=56968448502&#038;text=Me%20interesa%20saber%20m%C3%A1s%20sobre%20los%20servicios%20transitorios\">\n\t\t\t\t\t\t<span class=\"elementor-button-content-wrapper\">\n\t\t\t\t\t\t<span class=\"elementor-button-text\">Me interesa<\/span>\n\t\t<\/span>\n\t\t\t\t\t<\/a>\n\t\t<\/div>\n\t\t\t\t<\/div>\n\t\t\t\t<\/div>\n\t\t\t\t\t<\/div>\n\t\t<\/div>\n\t\t\t\t<div class=\"elementor-column elementor-col-50 elementor-inner-column elementor-element elementor-element-e2566ff\" data-id=\"e2566ff\" data-element_type=\"column\">\n\t\t\t<div class=\"elementor-widget-wrap elementor-element-populated\">\n\t\t\t\t\t\t<div class=\"elementor-element elementor-element-e6511ca elementor-widget elementor-widget-image\" data-id=\"e6511ca\" data-element_type=\"widget\" data-settings=\"{&quot;_animation&quot;:&quot;none&quot;}\" data-widget_type=\"image.default\">\n\t\t\t\t<div class=\"elementor-widget-container\">\n\t\t\t\t\t\t\t\t\t\t\t\t\t<img loading=\"lazy\" decoding=\"async\" width=\"801\" height=\"601\" src=\"https:\/\/globaltuning.cl\/wp-content\/uploads\/2021\/06\/Global-Tunning-ARQUITECTURA-DE-DATOS.png\" class=\"attachment-large size-large wp-image-386\" alt=\"\" srcset=\"https:\/\/globaltuning.cl\/wp-content\/uploads\/2021\/06\/Global-Tunning-ARQUITECTURA-DE-DATOS.png 801w, https:\/\/globaltuning.cl\/wp-content\/uploads\/2021\/06\/Global-Tunning-ARQUITECTURA-DE-DATOS-300x225.png 300w, https:\/\/globaltuning.cl\/wp-content\/uploads\/2021\/06\/Global-Tunning-ARQUITECTURA-DE-DATOS-768x576.png 768w\" sizes=\"(max-width: 801px) 100vw, 801px\" \/>\t\t\t\t\t\t\t\t\t\t\t\t\t<\/div>\n\t\t\t\t<\/div>\n\t\t\t\t<div class=\"elementor-element elementor-element-6ba1687 elementor-widget-divider--view-line elementor-widget elementor-widget-divider\" data-id=\"6ba1687\" data-element_type=\"widget\" data-widget_type=\"divider.default\">\n\t\t\t\t<div class=\"elementor-widget-container\">\n\t\t\t\t\t<div class=\"elementor-divider\">\n\t\t\t<span class=\"elementor-divider-separator\">\n\t\t\t\t\t\t<\/span>\n\t\t<\/div>\n\t\t\t\t<\/div>\n\t\t\t\t<\/div>\n\t\t\t\t<div class=\"elementor-element elementor-element-3460a8f elementor-widget elementor-widget-heading\" data-id=\"3460a8f\" data-element_type=\"widget\" data-widget_type=\"heading.default\">\n\t\t\t\t<div class=\"elementor-widget-container\">\n\t\t\t<h2 class=\"elementor-heading-title elementor-size-default\">Arquitectura de Datos<\/h2>\t\t<\/div>\n\t\t\t\t<\/div>\n\t\t\t\t<div class=\"elementor-element elementor-element-261371a elementor-widget elementor-widget-text-editor\" data-id=\"261371a\" data-element_type=\"widget\" data-widget_type=\"text-editor.default\">\n\t\t\t\t<div class=\"elementor-widget-container\">\n\t\t\t\t\t\t\t<p class=\"MsoNormal\" align=\"justify\"><span lang=\"ES-CL\">La calidad en los datos permite que las empresas puedan crear trascendencia y diagn\u00f3sticos precisos, adelantando problemas que se podr\u00e1n resolver de forma din\u00e1mica, para ello disponemos de procedimientos para perfeccionar la ca<\/span><span style=\"font-style: inherit; font-weight: inherit; font-family: var( --e-global-typography-text-font-family ), Sans-serif;\">lidad de los datos requeridos: mediante una capacitaci\u00f3n constante de nuestros colaboradores, desarrollamos una investigaci\u00f3n para conocer la calidad de los datos, luego de establecer con las empresas sus requerimientos; implantamos reglas que gestionen de mejor manera la compilaci\u00f3n, almacenamiento y administraci\u00f3n de datos para su procesamiento, finalmente conseguimos y apreciamos la excelente calidad de los datos adquiridos.\n<\/span><span style=\"font-style: inherit; font-weight: inherit; font-family: var( --e-global-typography-text-font-family ), Sans-serif;\">Organizamos y facilitamos el acceso a la informaci\u00f3n de las bases de datos, con el fin de establecer su m\u00e1ximo potencial, optimizando el rendimiento, generando la arquitectura referencial de nuestros clientes, disponibilizando un modelo de datos de negocio eficiente, que apoye la toma de decisiones.<\/span><\/p>\t\t\t\t\t\t<\/div>\n\t\t\t\t<\/div>\n\t\t\t\t<div class=\"elementor-element elementor-element-7175873 elementor-align-center elementor-invisible elementor-widget elementor-widget-button\" data-id=\"7175873\" data-element_type=\"widget\" data-settings=\"{&quot;_animation&quot;:&quot;bounceIn&quot;}\" data-widget_type=\"button.default\">\n\t\t\t\t<div class=\"elementor-widget-container\">\n\t\t\t\t\t<div class=\"elementor-button-wrapper\">\n\t\t\t<a class=\"elementor-button elementor-button-link elementor-size-sm\" href=\"https:\/\/api.whatsapp.com\/send?phone=56968448502&#038;text=Me%20interesa%20saber%20m%C3%A1s%20sobre%20el%20servicios%20arquitectura%20de%20datos\">\n\t\t\t\t\t\t<span class=\"elementor-button-content-wrapper\">\n\t\t\t\t\t\t<span class=\"elementor-button-text\">Me interesa<\/span>\n\t\t<\/span>\n\t\t\t\t\t<\/a>\n\t\t<\/div>\n\t\t\t\t<\/div>\n\t\t\t\t<\/div>\n\t\t\t\t\t<\/div>\n\t\t<\/div>\n\t\t\t\t\t<\/div>\n\t\t<\/section>\n\t\t\t\t\t<\/div>\n\t\t<\/div>\n\t\t\t\t\t<\/div>\n\t\t<\/section>\n\t\t\t\t<\/div>\n\t\t","protected":false},"excerpt":{"rendered":"<p>Servicios Consultor\u00eda Nuestra consultor\u00eda TI se enfoca en apoyar a nuestros clientes en el uso de tecnolog\u00edas de la informaci\u00f3n, para lograr sus objetivos estrat\u00e9gicos, mejorando la competitividad, reduciendo costos y disminuyendo tiempos de respuesta. Brindamos consultor\u00eda para producto o servicio tanto inhouse como en la nube. As\u00ed nuestro equipo puede hacer que las transiciones &hellip;<\/p>\n<p class=\"read-more\"> <a class=\"\" href=\"https:\/\/globaltuning.cl\/index.php\/servicios\/\"> <span class=\"screen-reader-text\">Servicios<\/span> Read More &raquo;<\/a><\/p>\n","protected":false},"author":1,"featured_media":0,"parent":0,"menu_order":0,"comment_status":"closed","ping_status":"closed","template":"","meta":{"site-sidebar-layout":"no-sidebar","site-content-layout":"page-builder","ast-global-header-display":"","ast-banner-title-visibility":"","ast-main-header-display":"","ast-hfb-above-header-display":"","ast-hfb-below-header-display":"","ast-hfb-mobile-header-display":"","site-post-title":"disabled","ast-breadcrumbs-content":"","ast-featured-img":"disabled","footer-sml-layout":"","theme-transparent-header-meta":"default","adv-header-id-meta":"","stick-header-meta":"","header-above-stick-meta":"","header-main-stick-meta":"","header-below-stick-meta":"","footnotes":""},"yoast_head":"<!-- This site is optimized with the Yoast SEO plugin v22.0 - https:\/\/yoast.com\/wordpress\/plugins\/seo\/ -->\n<title>Servicios - GLOBAL TUNING<\/title>\n<meta name=\"description\" content=\"Brindamos Servicios de Consultor\u00eda, Riesgo y Seguridad, Servicios Transitorios y Arquitectura de Datos para Empresas.\" \/>\n<meta name=\"robots\" content=\"index, follow, max-snippet:-1, max-image-preview:large, max-video-preview:-1\" \/>\n<link rel=\"canonical\" href=\"https:\/\/globaltuning.cl\/index.php\/servicios\/\" \/>\n<meta property=\"og:locale\" content=\"es_ES\" \/>\n<meta property=\"og:type\" content=\"article\" \/>\n<meta property=\"og:title\" content=\"Servicios - GLOBAL TUNING\" \/>\n<meta property=\"og:description\" content=\"Brindamos Servicios de Consultor\u00eda, Riesgo y Seguridad, Servicios Transitorios y Arquitectura de Datos para Empresas.\" \/>\n<meta property=\"og:url\" content=\"https:\/\/globaltuning.cl\/index.php\/servicios\/\" \/>\n<meta property=\"og:site_name\" content=\"GLOBAL TUNING\" \/>\n<meta property=\"article:modified_time\" content=\"2024-02-16T18:47:33+00:00\" \/>\n<meta property=\"og:image\" content=\"https:\/\/globaltuning.cl\/wp-content\/uploads\/2021\/06\/Global-Tunning-CONSULTORIA.png\" \/>\n<meta name=\"twitter:card\" content=\"summary_large_image\" \/>\n<meta name=\"twitter:label1\" content=\"Est. reading time\" \/>\n\t<meta name=\"twitter:data1\" content=\"3 minutos\" \/>\n<script type=\"application\/ld+json\" class=\"yoast-schema-graph\">{\"@context\":\"https:\/\/schema.org\",\"@graph\":[{\"@type\":\"WebPage\",\"@id\":\"https:\/\/globaltuning.cl\/index.php\/servicios\/\",\"url\":\"https:\/\/globaltuning.cl\/index.php\/servicios\/\",\"name\":\"Servicios - GLOBAL TUNING\",\"isPartOf\":{\"@id\":\"https:\/\/globaltuning.cl\/#website\"},\"datePublished\":\"2021-06-21T19:02:49+00:00\",\"dateModified\":\"2024-02-16T18:47:33+00:00\",\"description\":\"Brindamos Servicios de Consultor\u00eda, Riesgo y Seguridad, Servicios Transitorios y Arquitectura de Datos para Empresas.\",\"breadcrumb\":{\"@id\":\"https:\/\/globaltuning.cl\/index.php\/servicios\/#breadcrumb\"},\"inLanguage\":\"es-CL\",\"potentialAction\":[{\"@type\":\"ReadAction\",\"target\":[\"https:\/\/globaltuning.cl\/index.php\/servicios\/\"]}]},{\"@type\":\"BreadcrumbList\",\"@id\":\"https:\/\/globaltuning.cl\/index.php\/servicios\/#breadcrumb\",\"itemListElement\":[{\"@type\":\"ListItem\",\"position\":1,\"name\":\"Portada\",\"item\":\"https:\/\/globaltuning.cl\/\"},{\"@type\":\"ListItem\",\"position\":2,\"name\":\"Servicios\"}]},{\"@type\":\"WebSite\",\"@id\":\"https:\/\/globaltuning.cl\/#website\",\"url\":\"https:\/\/globaltuning.cl\/\",\"name\":\"GLOBAL TUNING\",\"description\":\"Consultoria y Tecnolog\u00eda\",\"publisher\":{\"@id\":\"https:\/\/globaltuning.cl\/#organization\"},\"potentialAction\":[{\"@type\":\"SearchAction\",\"target\":{\"@type\":\"EntryPoint\",\"urlTemplate\":\"https:\/\/globaltuning.cl\/?s={search_term_string}\"},\"query-input\":\"required name=search_term_string\"}],\"inLanguage\":\"es-CL\"},{\"@type\":\"Organization\",\"@id\":\"https:\/\/globaltuning.cl\/#organization\",\"name\":\"GLOBAL TUNING\",\"url\":\"https:\/\/globaltuning.cl\/\",\"logo\":{\"@type\":\"ImageObject\",\"inLanguage\":\"es-CL\",\"@id\":\"https:\/\/globaltuning.cl\/#\/schema\/logo\/image\/\",\"url\":\"https:\/\/globaltuning.cl\/wp-content\/uploads\/2021\/06\/cropped-logo-h-color-fondo-transparente-e1624472873739.png\",\"contentUrl\":\"https:\/\/globaltuning.cl\/wp-content\/uploads\/2021\/06\/cropped-logo-h-color-fondo-transparente-e1624472873739.png\",\"width\":1170,\"height\":328,\"caption\":\"GLOBAL TUNING\"},\"image\":{\"@id\":\"https:\/\/globaltuning.cl\/#\/schema\/logo\/image\/\"}}]}<\/script>\n<!-- \/ Yoast SEO plugin. -->","yoast_head_json":{"title":"Servicios - GLOBAL TUNING","description":"Brindamos Servicios de Consultor\u00eda, Riesgo y Seguridad, Servicios Transitorios y Arquitectura de Datos para Empresas.","robots":{"index":"index","follow":"follow","max-snippet":"max-snippet:-1","max-image-preview":"max-image-preview:large","max-video-preview":"max-video-preview:-1"},"canonical":"https:\/\/globaltuning.cl\/index.php\/servicios\/","og_locale":"es_ES","og_type":"article","og_title":"Servicios - GLOBAL TUNING","og_description":"Brindamos Servicios de Consultor\u00eda, Riesgo y Seguridad, Servicios Transitorios y Arquitectura de Datos para Empresas.","og_url":"https:\/\/globaltuning.cl\/index.php\/servicios\/","og_site_name":"GLOBAL TUNING","article_modified_time":"2024-02-16T18:47:33+00:00","og_image":[{"url":"https:\/\/globaltuning.cl\/wp-content\/uploads\/2021\/06\/Global-Tunning-CONSULTORIA.png"}],"twitter_card":"summary_large_image","twitter_misc":{"Est. reading time":"3 minutos"},"schema":{"@context":"https:\/\/schema.org","@graph":[{"@type":"WebPage","@id":"https:\/\/globaltuning.cl\/index.php\/servicios\/","url":"https:\/\/globaltuning.cl\/index.php\/servicios\/","name":"Servicios - GLOBAL TUNING","isPartOf":{"@id":"https:\/\/globaltuning.cl\/#website"},"datePublished":"2021-06-21T19:02:49+00:00","dateModified":"2024-02-16T18:47:33+00:00","description":"Brindamos Servicios de Consultor\u00eda, Riesgo y Seguridad, Servicios Transitorios y Arquitectura de Datos para Empresas.","breadcrumb":{"@id":"https:\/\/globaltuning.cl\/index.php\/servicios\/#breadcrumb"},"inLanguage":"es-CL","potentialAction":[{"@type":"ReadAction","target":["https:\/\/globaltuning.cl\/index.php\/servicios\/"]}]},{"@type":"BreadcrumbList","@id":"https:\/\/globaltuning.cl\/index.php\/servicios\/#breadcrumb","itemListElement":[{"@type":"ListItem","position":1,"name":"Portada","item":"https:\/\/globaltuning.cl\/"},{"@type":"ListItem","position":2,"name":"Servicios"}]},{"@type":"WebSite","@id":"https:\/\/globaltuning.cl\/#website","url":"https:\/\/globaltuning.cl\/","name":"GLOBAL TUNING","description":"Consultoria y Tecnolog\u00eda","publisher":{"@id":"https:\/\/globaltuning.cl\/#organization"},"potentialAction":[{"@type":"SearchAction","target":{"@type":"EntryPoint","urlTemplate":"https:\/\/globaltuning.cl\/?s={search_term_string}"},"query-input":"required name=search_term_string"}],"inLanguage":"es-CL"},{"@type":"Organization","@id":"https:\/\/globaltuning.cl\/#organization","name":"GLOBAL TUNING","url":"https:\/\/globaltuning.cl\/","logo":{"@type":"ImageObject","inLanguage":"es-CL","@id":"https:\/\/globaltuning.cl\/#\/schema\/logo\/image\/","url":"https:\/\/globaltuning.cl\/wp-content\/uploads\/2021\/06\/cropped-logo-h-color-fondo-transparente-e1624472873739.png","contentUrl":"https:\/\/globaltuning.cl\/wp-content\/uploads\/2021\/06\/cropped-logo-h-color-fondo-transparente-e1624472873739.png","width":1170,"height":328,"caption":"GLOBAL TUNING"},"image":{"@id":"https:\/\/globaltuning.cl\/#\/schema\/logo\/image\/"}}]}},"_links":{"self":[{"href":"https:\/\/globaltuning.cl\/index.php\/wp-json\/wp\/v2\/pages\/208"}],"collection":[{"href":"https:\/\/globaltuning.cl\/index.php\/wp-json\/wp\/v2\/pages"}],"about":[{"href":"https:\/\/globaltuning.cl\/index.php\/wp-json\/wp\/v2\/types\/page"}],"author":[{"embeddable":true,"href":"https:\/\/globaltuning.cl\/index.php\/wp-json\/wp\/v2\/users\/1"}],"replies":[{"embeddable":true,"href":"https:\/\/globaltuning.cl\/index.php\/wp-json\/wp\/v2\/comments?post=208"}],"version-history":[{"count":143,"href":"https:\/\/globaltuning.cl\/index.php\/wp-json\/wp\/v2\/pages\/208\/revisions"}],"predecessor-version":[{"id":1235,"href":"https:\/\/globaltuning.cl\/index.php\/wp-json\/wp\/v2\/pages\/208\/revisions\/1235"}],"wp:attachment":[{"href":"https:\/\/globaltuning.cl\/index.php\/wp-json\/wp\/v2\/media?parent=208"}],"curies":[{"name":"wp","href":"https:\/\/api.w.org\/{rel}","templated":true}]}}